{"id":283,"date":"2022-01-17T14:03:29","date_gmt":"2022-01-17T14:03:29","guid":{"rendered":"https:\/\/defi-theo-climat.ipsl.fr\/?page_id=283"},"modified":"2026-04-02T07:14:00","modified_gmt":"2026-04-02T07:14:00","slug":"rencontres-scientifiques","status":"publish","type":"page","link":"https:\/\/defi-theo-climat.ipsl.fr\/index.php\/rencontres-scientifiques\/","title":{"rendered":"Rencontres Scientifiques"},"content":{"rendered":"\n<p><strong>Rencontres Prochaines<\/strong><\/p>\n\n\n\n<ul class=\"wp-block-list\">\n<li><strong>27-29 Mai 2026<\/strong>: <strong>Les journ\u00e9es annuelles 2026 du GDR<\/strong> se tiendront \u00e0 <strong>Paris<\/strong> (<a href=\"https:\/\/u-paris.fr\/amphitheatre-buffon\/\" target=\"_blank\" rel=\"noreferrer noopener\">Amphi Buffon, universit\u00e9 Paris Cit\u00e9<\/a>) et sont ouvertes \u00e0 toutes et tous les scientifiques int\u00e9ress\u00e9s par les th\u00e9matiques du GDR. <br>Le th\u00e8me pour cette ann\u00e9e est:\u00a0<strong>\u00ab\u00a0Processus multi-\u00e9chelles pour la physique du climat: convection, couches limites, turbulence\u00a0\u00bb<\/strong>. <br>L&rsquo;objectif est de faire le lien entre les \u00e9tudes id\u00e9alis\u00e9es de petite \u00e9chelle et la mod\u00e9lisation globale, en combinant compr\u00e9hension de m\u00e9canismes physiques et approches de d\u00e9veloppement de param\u00e9trisations.<br><br>Informations et inscriptions: <a href=\"https:\/\/gdr-climat2026.sciencesconf.org\/\" target=\"_blank\" rel=\"noreferrer noopener\">https:\/\/gdr-climat2026.sciencesconf.org\/<\/a><br><br>Date limite pour les demandes de contributions orales: <strong>24 Avril 2026<\/strong><br>Date limite pour les inscriptions: <strong>08 Mai 2026 <\/strong><br><br><\/li>\n<\/ul>\n\n\n\n<p><strong>Rencontres Pass\u00e9es<\/strong><\/p>\n\n\n\n<p><em>Les slides et vid\u00e9os des pr\u00e9sentations sont disponibles sur les sites des \u00e9v\u00e9nements pass\u00e9s<\/em><\/p>\n\n\n\n<ul class=\"wp-block-list\">\n<li><strong>17-21 Novembre 2025: Ecole \u00ab\u00a0Theoretical Challenges for Ocean Dynamics\u00a0\u00bb<\/strong>, ENS de Lyon. Organisateurs: Anne-Laure Dalibard, Basile Gallet, Caroline Muller et Antoine Venaille. Avec le soutien du PEPR MathsVives, de l&rsquo;Institut des Math\u00e9matiques pour la plan\u00e8te Terre, de l&rsquo;ANR Bourgeons et du GDR D\u00e9fis Th\u00e9oriques pour les Sciences du Climat. Plus d&rsquo;informations: <a href=\"https:\/\/theorie-ocean.sciencesconf.org\" target=\"_blank\" rel=\"noreferrer noopener\">https:\/\/theorie-ocean.sciencesconf.org<\/a><\/li>\n\n\n\n<li>1<strong>2 &#8211; 13 Novembre 2025: Atelier \u00ab\u00a0Quantification d&rsquo;Incertitudes pour le Climat\u00a0\u00bb<\/strong>, Institut Henri Poincar\u00e9, Paris. Co-organis\u00e9 avec le R\u00e9seau Th\u00e9matique <em>Uncertainty Quantification<\/em> et l&rsquo;IMPT. Plus d&rsquo;informations sur <a href=\"https:\/\/uq.math.cnrs.fr\/nov25climat\" target=\"_blank\" rel=\"noreferrer noopener\">https:\/\/uq.math.cnrs.fr\/nov25climat<\/a><\/li>\n\n\n\n<li><strong>11 &#8211; 13 Juin 2025<\/strong>: <strong>&nbsp;Journ\u00e9es Annuelles du GDR. <\/strong>La conf\u00e9rence se passera cette ann\u00e9e \u00e0 Toulouse (Centre International de Conf\u00e9rences, M\u00e9t\u00e9o-France). <br>La th\u00e9matique de cette ann\u00e9e est <strong>Mod\u00e9lisation du Syst\u00e8me Terre et Sobri\u00e9t\u00e9 Num\u00e9rique : quels avenirs ?<\/strong><br>Nous explorerons notamment les enjeux li\u00e9s aux param\u00e9trisations, \u00e0 l\u2019intelligence artificielle et \u00e0 la haute r\u00e9solution, et discuterons de leurs perspectives pour des pr\u00e9visions climatiques plus sobres et fiables.<br>Plus d&rsquo;informations et inscriptions sur le site des journ\u00e9es annuelles: <a href=\"http:\/\/www.meteo.fr\/cic\/meetings\/2025\/gdr-theorie-climat-2025\/index.html\" target=\"_blank\" rel=\"noreferrer noopener\">http:\/\/www.meteo.fr\/cic\/meetings\/2025\/gdr-theorie-climat-2025\/index.html<\/a><\/li>\n\n\n\n<li><strong>30 Septembre &#8211; 4 Octobre 2024<\/strong>: <strong>&nbsp;Workshop Energie et climat. <\/strong>Ce workshop aura lieu \u00e0 l&rsquo;Institut Henri Poincar\u00e9 \u00e0 Paris co-organis\u00e9 avec l\u2019IMPT.<strong> <\/strong>Pour plus d&rsquo;info et inscription merci de visiter: <a href=\"https:\/\/mathphysenergie.sciencesconf.org\" target=\"_blank\" rel=\"noreferrer noopener\">https:\/\/mathphysenergie.sciencesconf.org<\/a><\/li>\n\n\n\n<li><strong>27-29 Mai 2024: Journ\u00e9es <strong>Annuelles<\/strong> du GDR&nbsp;<\/strong>vont avoir lieu \u00e0 l\u2019IMAG de Grenoble.&nbsp; Pour plus d\u2019info et inscription merci de visiter :<a href=\"https:\/\/theorie-climat.s\/\">&nbsp;<\/a><a href=\"https:\/\/theorie-climat2024.sciencesconf.org\/\" target=\"_blank\" rel=\"noreferrer noopener\">https:\/\/theorie-climat2024.sciencesconf.org\/<\/a><\/li>\n\n\n\n<li><strong>02-06 Octobre 2023: Workshops &nbsp;Pr\u00e9visibilit\u00e9 dans les sciences de l&rsquo;atmosph\u00e8re et Points de bascule (tipping <\/strong><br>Deux colloques joints sur&nbsp;les questions de&nbsp;pr\u00e9visibilit\u00e9 dans les sciences de l&rsquo;atmosph\u00e8re, des oc\u00e9ans, et du climat&nbsp;(du 02 au 03 octobre 2023), d&rsquo;une part,&nbsp;et&nbsp;sur&nbsp;la science des points de bascule (du 4 au 6 octobre 2023)&nbsp;d&rsquo;autre part,&nbsp;ont eu lieu&nbsp;\u00e0 l&rsquo;Institut Henri Poincar\u00e9, \u00e0 Paris. Pour plus d&rsquo;info, merci de visiter <a href=\"https:\/\/tippingprevisibilite.sciencesconf.org\/\" target=\"_blank\" rel=\"noreferrer noopener\">https:\/\/tippingprevisibilite.sciencesconf.org\/<\/a><\/li>\n\n\n\n<li><strong>5-7 Juin 2023: Journ\u00e9es <strong>Annuelles<\/strong> du GDR&nbsp;<\/strong>ont eu lieu du 5 au 7 juin 2023 \u00e0 l\u2019Institut Henri Poincar\u00e9 (IHP) \u00e0 Paris.&nbsp; Pour plus d\u2019info merci de visiter :<a href=\"https:\/\/theorie-climat2023.sciencesconf.org\/\" target=\"_blank\" rel=\"noreferrer noopener\">https:\/\/theorie-climat2023.sciencesconf.org\/<\/a><\/li>\n\n\n\n<li><strong>11-13 Avril 2023 : Atelier sur l&rsquo;Intelligence Artificielle pour la Dynamique Oc\u00e9anique, Atmosph\u00e9rique et Climatique<\/strong>. Cet atelier \u00e9tait organis\u00e9 dans le cadre des GDR \u00ab\u00a0D\u00e9fis th\u00e9oriques pour le Climat\u00a0\u00bb et du programme LEFE\/MANU dans le but de passer en revue et discuter des avanc\u00e9es et des d\u00e9fis des cadres bas\u00e9s sur l&rsquo;IA\/apprentissage pour les sciences oc\u00e9an-atmosph\u00e8re-climat. Globalement, la disponibilit\u00e9 de grandes quantit\u00e9s de donn\u00e9es de simulation et d&rsquo;observation ainsi que l&rsquo;\u00e9mergence des technologies d&rsquo;intelligence artificielle (architectures de big data, GPU, apprentissage prolifique) ouvrent de nouvelles opportunit\u00e9s pour explorer les questions ouvertes dans les sciences oc\u00e9aniques, atmosph\u00e9riques et climatiques \u00e0 travers un paradigme ax\u00e9 sur les donn\u00e9es, plut\u00f4t qu&rsquo;un paradigme physique \u00ab\u00a0classique\u00a0\u00bb. L&rsquo;un des d\u00e9fis scientifiques centraux r\u00e9side pr\u00e9cis\u00e9ment dans la capacit\u00e9 \u00e0 unifier ces deux paradigmes. L&rsquo;atelier a r\u00e9uni des experts en math\u00e9matiques appliqu\u00e9es, en IA et en g\u00e9osciences pour explorer, passer en revue, discuter et faire progresser ces d\u00e9fis. Pour plus d&rsquo;info, merci de visiter: <a href=\"https:\/\/ai4oac2023.sciencesconf.org\/\" target=\"_blank\" rel=\"noreferrer noopener\">https:\/\/ai4oac2023.sciencesconf.org\/<\/a><\/li>\n\n\n\n<li><strong>19-21 Septembre 2022: \u00c9cole&nbsp;sur la sensibilit\u00e9 climatique<\/strong><br>Cette \u00e9cole a pr\u00e9sent\u00e9 quatre cours p\u00e9dagogiques qui s\u2019adressent aux scientifiques, novices ou sp\u00e9cialistes de la dynamique du climat. Le concept de sensibilit\u00e9 climatique est fondamental pour l\u2019\u00e9tude des changements climatiques et de leurs impacts. C\u2019est aussi un sujet id\u00e9al pour avoir un aper\u00e7u g\u00e9n\u00e9ral des sciences du climat et de leur int\u00e9r\u00eat scientifique.&nbsp; Site Web: <a href=\"https:\/\/mathphysclimate.sciencesconf.org\/\" target=\"_blank\" rel=\"noreferrer noopener\">https:\/\/mathphysclimate.sciencesconf.org<\/a>. Cette \u00e9cole a \u00e9t\u00e9 organis\u00e9e en collaboration avec l&rsquo;Institut des Math\u00e9matiques pour la Plan\u00e8te Terre (IMPT) <a href=\"https:\/\/impt.math.cnrs.fr\/\" target=\"_blank\" rel=\"noreferrer noopener\">https:\/\/impt.math.cnrs.f<\/a> et fait partie d\u2019un semestre th\u00e9matique \u00ab Mathematics and Theoretical Physics&nbsp;\u00bb financ\u00e9 par le LABEX MILYON.&nbsp; Cette \u00e9cole a \u00e9t\u00e9 suivie d\u2019un workshop d\u00e9di\u00e9 aux math\u00e9matiques et \u00e0 la physique th\u00e9orique des sciences du climat, du 21 au&nbsp;23 septembre 2022.<\/li>\n\n\n\n<li><strong>15-17 Juin  2022: Journ\u00e9es de lancement du GDR&nbsp;<\/strong>ont eu lieu du 15 au 17 juin 2022 dans l\u2019auditorium TOTEM de l\u2019institut des sciences complexes, au 11 place Nationale dans le 13\u00e8me \u00e0 Paris, au niveau -1.&nbsp; Pour plus d&rsquo;info merci de visiter :<a href=\" https:\/\/theorie-climat.s\"> <\/a><a href=\"https:\/\/theorie-climat.sciencesconf.org\/\" target=\"_blank\" rel=\"noreferrer noopener\">https:\/\/theorie-climat.sciencesconf.org\/<\/a><\/li>\n<\/ul>\n\n\n\n<figure class=\"wp-block-image size-large is-resized\"><img loading=\"lazy\" decoding=\"async\" width=\"1024\" height=\"768\" src=\"https:\/\/defi-theo-climat.ipsl.fr\/wp-content\/uploads\/2022\/12\/Ecole-1024x768.jpeg\" alt=\"\" class=\"wp-image-335\" style=\"width:901px;height:676px\" srcset=\"https:\/\/defi-theo-climat.ipsl.fr\/wp-content\/uploads\/2022\/12\/Ecole-1024x768.jpeg 1024w, https:\/\/defi-theo-climat.ipsl.fr\/wp-content\/uploads\/2022\/12\/Ecole-300x225.jpeg 300w, https:\/\/defi-theo-climat.ipsl.fr\/wp-content\/uploads\/2022\/12\/Ecole-768x576.jpeg 768w, https:\/\/defi-theo-climat.ipsl.fr\/wp-content\/uploads\/2022\/12\/Ecole-1536x1152.jpeg 1536w, https:\/\/defi-theo-climat.ipsl.fr\/wp-content\/uploads\/2022\/12\/Ecole-1800x1350.jpeg 1800w, https:\/\/defi-theo-climat.ipsl.fr\/wp-content\/uploads\/2022\/12\/Ecole.jpeg 2048w\" sizes=\"auto, (max-width: 1024px) 100vw, 1024px\" \/><figcaption class=\"wp-element-caption\">Les participant.e.s \u00e0 l&rsquo;\u00e9cole sur la sensibilit\u00e9 sur la sensibilit\u00e9 climatique, Lyon 20\/09\/2022<\/figcaption><\/figure>\n","protected":false},"excerpt":{"rendered":"<p>Rencontres Prochaines Rencontres Pass\u00e9es Les slides et vid\u00e9os des pr\u00e9sentations sont disponibles sur les sites des \u00e9v\u00e9nements pass\u00e9s<\/p>\n","protected":false},"author":2,"featured_media":0,"parent":0,"menu_order":0,"comment_status":"closed","ping_status":"closed","template":"","meta":{"footnotes":""},"class_list":["post-283","page","type-page","status-publish","hentry"],"_links":{"self":[{"href":"https:\/\/defi-theo-climat.ipsl.fr\/index.php\/wp-json\/wp\/v2\/pages\/283","targetHints":{"allow":["GET"]}}],"collection":[{"href":"https:\/\/defi-theo-climat.ipsl.fr\/index.php\/wp-json\/wp\/v2\/pages"}],"about":[{"href":"https:\/\/defi-theo-climat.ipsl.fr\/index.php\/wp-json\/wp\/v2\/types\/page"}],"author":[{"embeddable":true,"href":"https:\/\/defi-theo-climat.ipsl.fr\/index.php\/wp-json\/wp\/v2\/users\/2"}],"replies":[{"embeddable":true,"href":"https:\/\/defi-theo-climat.ipsl.fr\/index.php\/wp-json\/wp\/v2\/comments?post=283"}],"version-history":[{"count":37,"href":"https:\/\/defi-theo-climat.ipsl.fr\/index.php\/wp-json\/wp\/v2\/pages\/283\/revisions"}],"predecessor-version":[{"id":409,"href":"https:\/\/defi-theo-climat.ipsl.fr\/index.php\/wp-json\/wp\/v2\/pages\/283\/revisions\/409"}],"wp:attachment":[{"href":"https:\/\/defi-theo-climat.ipsl.fr\/index.php\/wp-json\/wp\/v2\/media?parent=283"}],"curies":[{"name":"wp","href":"https:\/\/api.w.org\/{rel}","templated":true}]}}