{"id":250,"date":"2021-12-13T10:52:06","date_gmt":"2021-12-13T10:52:06","guid":{"rendered":"https:\/\/defi-theo-climat.ipsl.fr\/?page_id=250"},"modified":"2026-02-17T17:00:39","modified_gmt":"2026-02-17T17:00:39","slug":"participer","status":"publish","type":"page","link":"https:\/\/defi-theo-climat.ipsl.fr\/index.php\/participer\/","title":{"rendered":"Participer"},"content":{"rendered":"\n<p> Pour participer et rester au courant des activit\u00e9s du GDR \u00ab\u00a0D\u00e9fis Th\u00e9oriques pour les Sciences du Climat\u00a0\u00bb, merci de vous inscrire \u00e0 la liste de diffusion:  <\/p>\n\n\n\n<p><a href=\"https:\/\/listes.math.cnrs.fr\/wws\/subscribe\/defi-theo-climat\" target=\"_blank\" rel=\"noreferrer noopener\">https:\/\/listes.math.cnrs.fr\/wws\/subscribe\/defi-theo-climat<\/a><\/p>\n\n\n\n<p><strong>Email :&nbsp;<\/strong>Pour entrer en contact avec le GDR, envoyer un message \u00e0 <strong>defi-theo-climat-request@listes.math.cnrs.fr<\/strong><\/p>\n\n\n\n<p><strong>Twitter<\/strong>: Suivez-nous sur Twitter: <a href=\"https:\/\/twitter.com\/defitheoclimat\" target=\"_blank\" rel=\"noreferrer noopener\">@defitheoclimat <\/a><\/p>\n\n\n\n<p>Pour informations et commentaires sur ce site web, merci de contacter Florent Brient (florent.brient@lmd.ipsl.fr)<\/p>\n\n\n\n<p class=\"has-text-align-center\">Ce site web est h\u00e9berg\u00e9 et support\u00e9 par:<\/p>\n\n\n\n<figure class=\"wp-block-image aligncenter is-resized\"><img decoding=\"async\" src=\"https:\/\/www.ipsl.fr\/wp-content\/themes\/ipsltheme\/themes\/logo\/logo_ipsl_1.png\" alt=\"logo IPSL\" style=\"width:161px;height:153px\"\/><figcaption class=\"wp-element-caption\"><a href=\"https:\/\/www.ipsl.fr\/\" target=\"_blank\" rel=\"noreferrer noopener\">Institut Pierre Simon Laplace (IPSL)<\/a><\/figcaption><\/figure>\n\n\n\n<p><\/p>\n\n\n\n<p><\/p>\n","protected":false},"excerpt":{"rendered":"<p>Pour participer et rester au courant des activit\u00e9s du GDR \u00ab\u00a0D\u00e9fis Th\u00e9oriques pour les Sciences du Climat\u00a0\u00bb, merci de vous inscrire \u00e0 la liste de [&#8230;]<\/p>\n","protected":false},"author":2,"featured_media":0,"parent":0,"menu_order":0,"comment_status":"closed","ping_status":"closed","template":"","meta":{"footnotes":""},"class_list":["post-250","page","type-page","status-publish","hentry"],"_links":{"self":[{"href":"https:\/\/defi-theo-climat.ipsl.fr\/index.php\/wp-json\/wp\/v2\/pages\/250","targetHints":{"allow":["GET"]}}],"collection":[{"href":"https:\/\/defi-theo-climat.ipsl.fr\/index.php\/wp-json\/wp\/v2\/pages"}],"about":[{"href":"https:\/\/defi-theo-climat.ipsl.fr\/index.php\/wp-json\/wp\/v2\/types\/page"}],"author":[{"embeddable":true,"href":"https:\/\/defi-theo-climat.ipsl.fr\/index.php\/wp-json\/wp\/v2\/users\/2"}],"replies":[{"embeddable":true,"href":"https:\/\/defi-theo-climat.ipsl.fr\/index.php\/wp-json\/wp\/v2\/comments?post=250"}],"version-history":[{"count":12,"href":"https:\/\/defi-theo-climat.ipsl.fr\/index.php\/wp-json\/wp\/v2\/pages\/250\/revisions"}],"predecessor-version":[{"id":397,"href":"https:\/\/defi-theo-climat.ipsl.fr\/index.php\/wp-json\/wp\/v2\/pages\/250\/revisions\/397"}],"wp:attachment":[{"href":"https:\/\/defi-theo-climat.ipsl.fr\/index.php\/wp-json\/wp\/v2\/media?parent=250"}],"curies":[{"name":"wp","href":"https:\/\/api.w.org\/{rel}","templated":true}]}}